{"id":31,"date":"2024-12-16T10:13:12","date_gmt":"2024-12-16T10:13:12","guid":{"rendered":"https:\/\/romeddiagnoser.dk\/?page_id=31"},"modified":"2026-03-18T22:30:46","modified_gmt":"2026-03-18T21:30:46","slug":"find-vej","status":"publish","type":"page","link":"https:\/\/romeddiagnoser.dk\/index.php\/find-vej\/","title":{"rendered":"Find vej"},"content":{"rendered":"\n<p class=\"has-text-align-center has-system-font-family has-normal-font-size\">Klinikken finder du centralt i Herning p\u00e5 Bryggergade 6, 1.sal. <\/p>\n\n\n\n<p class=\"has-text-align-center has-system-font-family has-normal-font-size\">Der er gratis parkeringspladser helt t\u00e6t p\u00e5 adressen. Kommer du med bus eller tog, tager det kun f\u00e5 minutter at g\u00e5 fra stationen til klinikken.<\/p>\n\n\n\n<p class=\"has-text-align-center has-system-font-family has-normal-font-size\">Der forefindes ikke elevator, men online konsultation kan i visse tilf\u00e6lde tilbydes.<\/p>\n\n\n\n<div class=\"mapouter\"><div class=\"gmap_canvas\"><iframe class=\"gmap_iframe\" width=\"100%\" frameborder=\"0\" scrolling=\"no\" marginheight=\"0\" marginwidth=\"0\" src=\"https:\/\/maps.google.com\/maps?width=600&amp;height=400&amp;hl=en&amp;q=bryggergade 6, 7000 herning&amp;t=&amp;z=16&amp;ie=UTF8&amp;iwloc=B&amp;output=embed\"><\/iframe><a href=\"https:\/\/embed-googlemap.com\">embed google maps in website<\/a><\/div><style>.mapouter{position:relative;text-align:right;width:100%;height:400px;}.gmap_canvas {overflow:hidden;background:none!important;width:100%;height:400px;}.gmap_iframe {height:400px!important;}<\/style><\/div>\n","protected":false},"excerpt":{"rendered":"<p>Klinikken finder du centralt i Herning p\u00e5 Bryggergade 6, 1.sal. Der er gratis parkeringspladser helt t\u00e6t p\u00e5 adressen. Kommer du med bus eller tog, tager det kun f\u00e5 minutter at g\u00e5 fra stationen til klinikken. Der forefindes ikke elevator, men online konsultation kan i visse tilf\u00e6lde tilbydes. embed google maps in website<\/p>\n","protected":false},"author":1,"featured_media":63,"parent":0,"menu_order":0,"comment_status":"closed","ping_status":"closed","template":"","meta":{"footnotes":""},"class_list":["post-31","page","type-page","status-publish","has-post-thumbnail","hentry"],"_links":{"self":[{"href":"https:\/\/romeddiagnoser.dk\/index.php\/wp-json\/wp\/v2\/pages\/31","targetHints":{"allow":["GET"]}}],"collection":[{"href":"https:\/\/romeddiagnoser.dk\/index.php\/wp-json\/wp\/v2\/pages"}],"about":[{"href":"https:\/\/romeddiagnoser.dk\/index.php\/wp-json\/wp\/v2\/types\/page"}],"author":[{"embeddable":true,"href":"https:\/\/romeddiagnoser.dk\/index.php\/wp-json\/wp\/v2\/users\/1"}],"replies":[{"embeddable":true,"href":"https:\/\/romeddiagnoser.dk\/index.php\/wp-json\/wp\/v2\/comments?post=31"}],"version-history":[{"count":6,"href":"https:\/\/romeddiagnoser.dk\/index.php\/wp-json\/wp\/v2\/pages\/31\/revisions"}],"predecessor-version":[{"id":120,"href":"https:\/\/romeddiagnoser.dk\/index.php\/wp-json\/wp\/v2\/pages\/31\/revisions\/120"}],"wp:featuredmedia":[{"embeddable":true,"href":"https:\/\/romeddiagnoser.dk\/index.php\/wp-json\/wp\/v2\/media\/63"}],"wp:attachment":[{"href":"https:\/\/romeddiagnoser.dk\/index.php\/wp-json\/wp\/v2\/media?parent=31"}],"curies":[{"name":"wp","href":"https:\/\/api.w.org\/{rel}","templated":true}]}}