{"id":34,"date":"2024-12-16T10:15:34","date_gmt":"2024-12-16T10:15:34","guid":{"rendered":"https:\/\/romeddiagnoser.dk\/?page_id=34"},"modified":"2024-12-16T11:11:57","modified_gmt":"2024-12-16T11:11:57","slug":"privatlivspolitik","status":"publish","type":"page","link":"https:\/\/romeddiagnoser.dk\/index.php\/privatlivspolitik\/","title":{"rendered":"Privatlivspolitik"},"content":{"rendered":"\n<p>Fortrolighed og opbevaring af informationer<\/p>\n\n\n\n<p>Vi har tavshedspligt ift. det, du fort\u00e6ller under samtalerne, og det er lovpligtigt, at vi noterer og opbevarer oplysninger om dig, og det vi taler om.<\/p>\n\n\n\n<p><\/p>\n\n\n\n<ol start=\"1\" class=\"wp-block-list\">\n<li>Hvilke oplysninger?<\/li>\n<\/ol>\n\n\n\n<p>Vi noterer og gemmer is\u00e6r oplysninger om sociale og helbredsm\u00e6ssige forhold, som har betydning for vurdering og behandling.<\/p>\n\n\n\n<p><em>J\u00e6vnf\u00f8r Psykologloven, som g\u00e6lder for autoriserede psykologer under tilsyn af psykologn\u00e6vnet.&nbsp;<\/em><a href=\"https:\/\/ast.dk\/naevn\/psykolognaevnet\"><em>https:\/\/ast.dk\/naevn\/psykolognaevnet<\/em><\/a><\/p>\n\n\n\n<p>Udover de sociale og helbredsoplysninger jeg selv noterer om dig, kan jeg modtage helbredsoplysninger om dig fra andre, f.eks. din sundhedsforsikring eller l\u00e6ge.<\/p>\n\n\n\n<p>Oplysningerne anvendes til brug for god samtale eller behandling og de administrative funktioner, der er forbundet hermed<\/p>\n\n\n\n<p>Vi kan ogs\u00e5 registrere andre oplysninger om dig til brug for afregningsform\u00e5l.<\/p>\n\n\n\n<p><em>Disse oplysninger noteres med hjemmel i databeskyttelsesforordningens art. 6, stk. 1, litra b og f.<\/em><\/p>\n\n\n\n<p>Vi har pligt til at opbevare dine helbredsm\u00e6ssige og andre f\u00f8lsomme oplysninger sikkert og fortroligt.<\/p>\n\n\n\n<p><\/p>\n\n\n\n<ol start=\"2\" class=\"wp-block-list\">\n<li>Videregivelse af oplysninger<\/li>\n<\/ol>\n\n\n\n<p>Videregivelse af helbredsoplysninger og andre personf\u00f8lsomme oplysninger m\u00e5 som udgangspunkt kun ske med dit samtykke.<\/p>\n\n\n\n<p>I s\u00e6rlige tilf\u00e6lde kan der efter reglerne i sundhedsloven ske videregivelse uden samtykke. Det vil typisk v\u00e6re til andre sundhedspersoner, f.eks. din egen l\u00e6ge. De n\u00e6rmere regler herom findes i sundhedslovens kapitel 9.<\/p>\n\n\n\n<p>De oplysninger, jeg har registreret til brug for afregningsform\u00e5l, udveksles med betalingsformidlere i det omfang, det er n\u00f8dvendigt for at gennemf\u00f8re betalingerne og for revision.<\/p>\n\n\n\n<p>Hvis din behandling helt eller delvist betales af andre end dig selv, f.eks. af din region eller af et forsikringsselskab, vil vi ogs\u00e5 videregive oplysninger om behandlingen til den, der skal betale. Der videregives kun de oplysninger, som har betydning for behandling af din sag, og kun med dit samtykke.<\/p>\n\n\n\n<p><\/p>\n\n\n\n<ol start=\"3\" class=\"wp-block-list\">\n<li>Oplysningspligt og underretningspligt<\/li>\n<\/ol>\n\n\n\n<p>Hvis der er alvorlig risiko for alvorlig skade p\u00e5 dig selv eller andre, har vi oplysningspligt, for at forebygge skaden. Hvis der er alvorlig mistanke om at et barns udviklingsbetingelser er i fare, har vi underretningspligt.<\/p>\n\n\n\n<p><\/p>\n\n\n\n<ol start=\"4\" class=\"wp-block-list\">\n<li>Hvor l\u00e6nge opbevares oplysningerne?<\/li>\n<\/ol>\n\n\n\n<p>Din journal opbevares i det tidsrum, der er fastlagt af Styrelsen for Patientsikkerhed. Det nuv\u00e6rende g\u00e6ldende tidsrum er 5 \u00e5r fra det seneste notat i journalen,&nbsp;<em>jf. journalbekendtg\u00f8relsens \u00a7 15, stk. 2.&nbsp;<\/em>I s\u00e6rlige tilf\u00e6lde kan journalen opbevares l\u00e6ngere.<\/p>\n\n\n\n<p>Oplysninger til brug for afregningsform\u00e5l opbevares s\u00e5 l\u00e6nge, det er n\u00f8dvendigt af hensyn til afregning og bogf\u00f8ring.<\/p>\n\n\n\n<p><\/p>\n\n\n\n<ol start=\"5\" class=\"wp-block-list\">\n<li>Dine rettigheder vedr\u00f8rende oplysningerne<\/li>\n<\/ol>\n\n\n\n<p>Du kan f\u00e5 indsigt i hvilke oplysninger, vi har registeret om dig, ved at kontakte mig. Efter autorisationslovens \u00a7 24 m\u00e5 vi ikke slette oplysninger i din journal, men hvis du mener, at der er fejl i journalen, kan du bede om, at der laves en tilf\u00f8jelse.<\/p>\n\n\n\n<p>For oplysninger, der ikke er omfattet af patientjournalen, har du har ret til at f\u00e5 rettet eller slettet ukorrekte oplysninger.<\/p>\n\n\n\n<p><\/p>\n\n\n\n<ol start=\"6\" class=\"wp-block-list\">\n<li>Brug af cookies<\/li>\n<\/ol>\n\n\n\n<p>Cookies anvendes p\u00e5 langt de fleste websites og vil i nogle tilf\u00e6lde v\u00e6re n\u00f8dvendige for at f\u00e5 et website til at fungere. Dette er ogs\u00e5 g\u00e6ldende p\u00e5 romeddiagnoser.dk. Kontakt os hvis du har sp\u00f8rgsm\u00e5l omkring cookies.<\/p>\n\n\n\n<p><\/p>\n\n\n\n<ol start=\"7\" class=\"wp-block-list\">\n<li>Klage<\/li>\n<\/ol>\n\n\n\n<p>Hvis du er utilfreds med hvordan vi h\u00e5ndterer oplysninger om dig, vil vi selvf\u00f8lgelig gerne vide det, og om muligt \u00e6ndre det, du er utilfreds med. Send en mail til kontakt@romeddiagnoser.dk<\/p>\n\n\n\n<p>Derudover kan klager over vores behandling af dine personoplysninger kan indgives til Datatilsynet, Borgergade 28, 5. sal, 1300 K\u00f8benhavn K. Du kan finde n\u00e6rmere oplysninger om Datatilsynet p\u00e5&nbsp;<a href=\"http:\/\/www.datatilsynet.dk\/\">www.datatilsynet.dk<\/a> Tilsyn med reglerne i sundhedslovgivningen f\u00f8res af Styrelsen for Patientsikkerhed. Du kan findes styrelsens kontaktoplysninger p\u00e5&nbsp;<a href=\"http:\/\/www.stps.dk\/\">www.stps.dk<\/a><\/p>\n","protected":false},"excerpt":{"rendered":"<p>Fortrolighed og opbevaring af informationer Vi har tavshedspligt ift. det, du fort\u00e6ller under samtalerne, og det er lovpligtigt, at vi noterer og opbevarer oplysninger om dig, og det vi taler om. Vi noterer og gemmer is\u00e6r oplysninger om sociale og helbredsm\u00e6ssige forhold, som har betydning for vurdering og behandling. J\u00e6vnf\u00f8r Psykologloven, som g\u00e6lder for autoriserede [&hellip;]<\/p>\n","protected":false},"author":1,"featured_media":65,"parent":0,"menu_order":0,"comment_status":"closed","ping_status":"closed","template":"","meta":{"footnotes":""},"class_list":["post-34","page","type-page","status-publish","has-post-thumbnail","hentry"],"_links":{"self":[{"href":"https:\/\/romeddiagnoser.dk\/index.php\/wp-json\/wp\/v2\/pages\/34","targetHints":{"allow":["GET"]}}],"collection":[{"href":"https:\/\/romeddiagnoser.dk\/index.php\/wp-json\/wp\/v2\/pages"}],"about":[{"href":"https:\/\/romeddiagnoser.dk\/index.php\/wp-json\/wp\/v2\/types\/page"}],"author":[{"embeddable":true,"href":"https:\/\/romeddiagnoser.dk\/index.php\/wp-json\/wp\/v2\/users\/1"}],"replies":[{"embeddable":true,"href":"https:\/\/romeddiagnoser.dk\/index.php\/wp-json\/wp\/v2\/comments?post=34"}],"version-history":[{"count":1,"href":"https:\/\/romeddiagnoser.dk\/index.php\/wp-json\/wp\/v2\/pages\/34\/revisions"}],"predecessor-version":[{"id":35,"href":"https:\/\/romeddiagnoser.dk\/index.php\/wp-json\/wp\/v2\/pages\/34\/revisions\/35"}],"wp:featuredmedia":[{"embeddable":true,"href":"https:\/\/romeddiagnoser.dk\/index.php\/wp-json\/wp\/v2\/media\/65"}],"wp:attachment":[{"href":"https:\/\/romeddiagnoser.dk\/index.php\/wp-json\/wp\/v2\/media?parent=34"}],"curies":[{"name":"wp","href":"https:\/\/api.w.org\/{rel}","templated":true}]}}